{"id":63,"date":"2019-01-22T15:47:04","date_gmt":"2019-01-22T14:47:04","guid":{"rendered":"https:\/\/denkmalkunst-kunstdenkmal.de\/wp\/hann-muenden\/?page_id=63"},"modified":"2021-10-22T19:28:42","modified_gmt":"2021-10-22T17:28:42","slug":"ueber-uns","status":"publish","type":"page","link":"https:\/\/denkmalkunst-kunstdenkmal.de\/hann-muenden\/ueber-uns\/","title":{"rendered":"\u00dcber uns"},"content":{"rendered":"<p><div class=\"fusion-fullwidth fullwidth-box fusion-builder-row-1 fusion-flex-container nonhundred-percent-fullwidth non-hundred-percent-height-scrolling\" style=\"--awb-border-radius-top-left:0px;--awb-border-radius-top-right:0px;--awb-border-radius-bottom-right:0px;--awb-border-radius-bottom-left:0px;--awb-padding-top:0px;--awb-padding-right:0px;--awb-padding-bottom:0px;--awb-padding-left:0px;--awb-margin-bottom:0px;--awb-flex-wrap:wrap;\" ><div class=\"fusion-builder-row fusion-row fusion-flex-align-items-flex-start fusion-flex-content-wrap\" style=\"max-width:calc( 1100px + 0px );margin-left: calc(-0px \/ 2 );margin-right: calc(-0px \/ 2 );\"><div class=\"fusion-layout-column fusion_builder_column fusion-builder-column-0 fusion_builder_column_1_1 1_1 fusion-flex-column\" style=\"--awb-padding-top:0px;--awb-padding-right:0px;--awb-padding-bottom:0px;--awb-padding-left:0px;--awb-bg-size:cover;--awb-width-large:100%;--awb-margin-top-large:0px;--awb-spacing-right-large:0px;--awb-margin-bottom-large:0px;--awb-spacing-left-large:0px;--awb-width-medium:100%;--awb-spacing-right-medium:0px;--awb-spacing-left-medium:0px;--awb-width-small:100%;--awb-spacing-right-small:0px;--awb-spacing-left-small:0px;\"><div class=\"fusion-column-wrapper fusion-flex-justify-content-flex-start fusion-content-layout-column\"><div class=\"fusion-image-element \" style=\"--awb-caption-title-font-family:var(--h2_typography-font-family);--awb-caption-title-font-weight:var(--h2_typography-font-weight);--awb-caption-title-font-style:var(--h2_typography-font-style);--awb-caption-title-size:var(--h2_typography-font-size);--awb-caption-title-transform:var(--h2_typography-text-transform);--awb-caption-title-line-height:var(--h2_typography-line-height);--awb-caption-title-letter-spacing:var(--h2_typography-letter-spacing);\"><span class=\" fusion-imageframe imageframe-none imageframe-1 hover-type-none\"><img decoding=\"async\" width=\"1100\" height=\"1100\" title=\"ueber_uns_1100px\" src=\"https:\/\/denkmalkunst-kunstdenkmal.de\/hann-muenden\/wp-content\/uploads\/sites\/2\/2019\/03\/ueber_uns_1100px.jpg\" data-orig-src=\"https:\/\/denkmalkunst-kunstdenkmal.de\/hann-muenden\/wp-content\/uploads\/sites\/2\/2019\/03\/ueber_uns_1100px.jpg\" alt class=\"lazyload img-responsive wp-image-1800\" srcset=\"data:image\/svg+xml,%3Csvg%20xmlns%3D%27http%3A%2F%2Fwww.w3.org%2F2000%2Fsvg%27%20width%3D%271100%27%20height%3D%271100%27%20viewBox%3D%270%200%201100%201100%27%3E%3Crect%20width%3D%271100%27%20height%3D%271100%27%20fill-opacity%3D%220%22%2F%3E%3C%2Fsvg%3E\" data-srcset=\"https:\/\/denkmalkunst-kunstdenkmal.de\/hann-muenden\/wp-content\/uploads\/sites\/2\/2019\/03\/ueber_uns_1100px-200x200.jpg 200w, https:\/\/denkmalkunst-kunstdenkmal.de\/hann-muenden\/wp-content\/uploads\/sites\/2\/2019\/03\/ueber_uns_1100px-400x400.jpg 400w, https:\/\/denkmalkunst-kunstdenkmal.de\/hann-muenden\/wp-content\/uploads\/sites\/2\/2019\/03\/ueber_uns_1100px-600x600.jpg 600w, https:\/\/denkmalkunst-kunstdenkmal.de\/hann-muenden\/wp-content\/uploads\/sites\/2\/2019\/03\/ueber_uns_1100px-800x800.jpg 800w, https:\/\/denkmalkunst-kunstdenkmal.de\/hann-muenden\/wp-content\/uploads\/sites\/2\/2019\/03\/ueber_uns_1100px.jpg 1100w\" data-sizes=\"auto\" data-orig-sizes=\"(max-width: 1024px) 100vw, (max-width: 640px) 100vw, 1100px\" \/><\/span><\/div><\/div><\/div><\/div><\/div><div class=\"fusion-fullwidth fullwidth-box fusion-builder-row-2 fusion-flex-container nonhundred-percent-fullwidth non-hundred-percent-height-scrolling\" style=\"--awb-border-radius-top-left:0px;--awb-border-radius-top-right:0px;--awb-border-radius-bottom-right:0px;--awb-border-radius-bottom-left:0px;--awb-margin-top:90px;--awb-flex-wrap:wrap;\" ><div class=\"fusion-builder-row fusion-row fusion-flex-align-items-flex-start fusion-flex-content-wrap\" style=\"max-width:calc( 1100px + 0px );margin-left: calc(-0px \/ 2 );margin-right: calc(-0px \/ 2 );\"><div class=\"fusion-layout-column fusion_builder_column fusion-builder-column-1 fusion_builder_column_1_1 1_1 fusion-flex-column\" style=\"--awb-bg-size:cover;--awb-width-large:100%;--awb-margin-top-large:0px;--awb-spacing-right-large:0px;--awb-margin-bottom-large:20px;--awb-spacing-left-large:0px;--awb-width-medium:100%;--awb-spacing-right-medium:0px;--awb-spacing-left-medium:0px;--awb-width-small:100%;--awb-spacing-right-small:0px;--awb-spacing-left-small:0px;\"><div class=\"fusion-column-wrapper fusion-flex-justify-content-flex-start fusion-content-layout-column\"><div class=\"fusion-title title fusion-title-1 fusion-title-text fusion-title-size-two\" style=\"--awb-margin-top-small:0px;--awb-margin-right-small:0px;--awb-margin-bottom-small:20px;--awb-margin-left-small:0px;\"><div class=\"title-sep-container title-sep-container-left fusion-no-large-visibility fusion-no-medium-visibility fusion-no-small-visibility\"><div class=\"title-sep sep-single sep-solid\" style=\"border-color:#dddddd;\"><\/div><\/div><span class=\"awb-title-spacer fusion-no-large-visibility fusion-no-medium-visibility fusion-no-small-visibility\"><\/span><h2 class=\"fusion-title-heading title-heading-left fusion-responsive-typography-calculated\" style=\"margin:0;--fontSize:40;line-height:1.5;\"><p>WIR <span style=\"color: #565865\">SIND &#8230;<br \/>\n<\/span><\/p><\/h2><span class=\"awb-title-spacer\"><\/span><div class=\"title-sep-container title-sep-container-right\"><div class=\"title-sep sep-single sep-solid\" style=\"border-color:#dddddd;\"><\/div><\/div><\/div><div class=\"fusion-text fusion-text-1\"><p>\u2026 Fachwerkliebhaber, Enthusiasten, engagierte B\u00fcrger, Denkmalaktivisten, Ehrenamtler, Vision\u00e4re, ein bisschen verr\u00fcckt, denkmalinfiziert, freiwillige Helfer, Putzkolonne, Intendanten, Gestalter. Und wir sind hier zu Hause!<\/p>\n<p>Uns verbindet die gemeinsame Idee, dass B\u00fcrger ihre Stadt selbst gestalten und ver\u00e4ndern k\u00f6nnen, sogar m\u00fcssen, damit diese H\u00e4user auch in hundert Jahren noch ihre Geschichten erz\u00e4hlen k\u00f6nnen. Unsere Vision ist ein lebendiges Hann. M\u00fcnden, ein Leben in und mit den Denkm\u00e4lern dieser alten, sch\u00f6nen Fachwerkstadt.<\/p>\n<p>Das Festival DenkmalKunst-KunstDenkmal f\u00fchrt all diese Gedanken und W\u00fcnsche zusammen und findet 2022 inzwischen zum 7ten Mal statt.<\/p>\n<\/div><div class=\"fusion-separator fusion-full-width-sep\" style=\"align-self: center;margin-left: auto;margin-right: auto;margin-top:20px;width:100%;\"><\/div><div class=\"fusion-title title fusion-title-2 fusion-title-text fusion-title-size-three\" style=\"--awb-margin-top-small:0px;--awb-margin-right-small:0px;--awb-margin-bottom-small:20px;--awb-margin-left-small:0px;\"><div class=\"title-sep-container title-sep-container-left fusion-no-large-visibility fusion-no-medium-visibility fusion-no-small-visibility\"><div class=\"title-sep sep-single sep-solid\" style=\"border-color:#dddddd;\"><\/div><\/div><span class=\"awb-title-spacer fusion-no-large-visibility fusion-no-medium-visibility fusion-no-small-visibility\"><\/span><h3 class=\"fusion-title-heading title-heading-left fusion-responsive-typography-calculated\" style=\"margin:0;--fontSize:30;line-height:1.41;\">DenkmalKunst-KunstDenkmal<\/h3><span class=\"awb-title-spacer\"><\/span><div class=\"title-sep-container title-sep-container-right\"><div class=\"title-sep sep-single sep-solid\" style=\"border-color:#dddddd;\"><\/div><\/div><\/div><div class=\"fusion-text fusion-text-2\"><p>Das Festival DenkmalKunst-KunstDenkmal wurde 2007 erstmalig durch Uta von Schenck und Bernd Demandt in Hann. M\u00fcnden ausgerichtet. Die Vision: wundersch\u00f6ne, leerstehende Geb\u00e4ude in der M\u00fcndener Altstadt durch Kunst so in Szene zu setzen, dass sie aus ihrem Dornr\u00f6schenschlaf geweckt werden und gleichzeitig ins Blickfeld von potenziellen neuen Eigent\u00fcmern geraten, die es sich zur Aufgabe machen, sie vor dem Verfall zu bewahren.<\/p>\n<p>Das Konzept ging auf und wurde seitdem etwa alle zwei Jahre wiederholt. Viele tausend Besucher kamen in den Festivalwochen nach Hann. M\u00fcnden, um sich an Malereien, Skulpturen, Musik, Lesungen, Theater, Film, Kabarett und vielem mehr im historischen denkmalgesch\u00fctzten Umfeld zu erfreuen. Im Rahmen des Festivals nutzen die ausstellenden K\u00fcnstler die historischen R\u00e4ume und gestalteten sie durch ihre Kunst neu, schaffen einen emotionalen Zugang zu den Fachwerkh\u00e4usern. Eine perfekte Symbiose!<\/p>\n<p>Mittlerweile ist DenkmalKunst-KunstDenkmal ein fester Bestandteil und Highlight des st\u00e4dtischen Veranstaltungskalenders.<br \/>\n2009 wurde das Festival im nieders\u00e4chsischen Landeswettbewerb \u201eAb in die Mitte\u201c ausgezeichnet. Auch im Bundeswettbewerb \u201eStadt bauen. Stadt leben\u201c konnte das Konzept \u00fcberzeugen und wurde 2012 in der Kategorie &#8218;Gemeinwohl&#8216; ausgezeichnet.<br \/>\n2013 startete die B\u00fcrgerschaft durch: Es entstand die <a href=\"https:\/\/www.bg-hmue.de\/\" target=\"_blank\" rel=\"noopener noreferrer\">B\u00fcrgergenossenschaft M\u00fcndener Altstadt eG<\/a>, das Projekt <a href=\"https:\/\/www.bg-hmue.de\/de\/projekte\/speckstrasse\/index.php\" target=\"_blank\" rel=\"noopener noreferrer\">9mal24<\/a> wurde ins Leben gerufen, der <a href=\"http:\/\/www.foerderverein-muendener-altstadt.de\/\" target=\"_blank\" rel=\"noopener noreferrer\">F\u00f6rderverein M\u00fcndener Altstadt<\/a> und das <a href=\"http:\/\/www.muendenerkunstnetz.de\" target=\"_blank\" rel=\"noopener noreferrer\">M\u00fcndener Kunstnetz e.V.<\/a> gr\u00fcndeten sich. Die B\u00fcrgergenossenschaft M\u00fcndener Altstadt eG hat inzwischen 3 H\u00e4user in der Altstadt erworben und vor dem Verfall gerettet. Aktuell besitzt die B\u00fcrgergenossenschaft 360 Mitglieder, die rund 1.000 Anteile halten. Jeder kann Genosse werden. Ein Anteil kostet 100 Euro.<\/p>\n<\/div><div class=\"fusion-menu-anchor\" id=\"galerie\"><\/div><div class=\"fusion-text fusion-text-3\"><p>2018 gr\u00fcndete sich der gemeinn\u00fctzige Verein DenkmalKunst e.V., der nun das Festival organisiert und durchf\u00fchrt. Das Festival ist ein B\u00fcrgerprojekt, getragen von \u00fcber 100 Ehrenamtlichen. Jede helfende Hand ist willkommen!<\/p>\n<\/div><div class=\"fusion-separator fusion-full-width-sep\" style=\"align-self: center;margin-left: auto;margin-right: auto;margin-top:20px;width:100%;\"><\/div><div class=\"fusion-title title fusion-title-3 fusion-title-text fusion-title-size-three\" style=\"--awb-margin-top-small:0px;--awb-margin-right-small:0px;--awb-margin-bottom-small:20px;--awb-margin-left-small:0px;\"><div class=\"title-sep-container title-sep-container-left fusion-no-large-visibility fusion-no-medium-visibility fusion-no-small-visibility\"><div class=\"title-sep sep-single sep-solid\" style=\"border-color:#dddddd;\"><\/div><\/div><span class=\"awb-title-spacer fusion-no-large-visibility fusion-no-medium-visibility fusion-no-small-visibility\"><\/span><h3 class=\"fusion-title-heading title-heading-left fusion-responsive-typography-calculated\" style=\"margin:0;--fontSize:30;line-height:1.41;\">DenkmalKunst e.V.<\/h3><span class=\"awb-title-spacer\"><\/span><div class=\"title-sep-container title-sep-container-right\"><div class=\"title-sep sep-single sep-solid\" style=\"border-color:#dddddd;\"><\/div><\/div><\/div><div class=\"fusion-text fusion-text-4\"><p>Der Verein wurde am 15. Januar 2017 als Freundeskreis des Festivals Denkmal!Kunst KunstDenkmal! e.V. von sieben Mitgliedern gegr\u00fcndet. Seine urspr\u00fcngliche und einzige Aufgabe bestand in der Unterst\u00fctzung der Organisation des Festivals 2017 durch die Verwaltung von Spenden. Im Zusammenhang mit der Minimierung des beim Festival 2017 entstandenen Defizits \u00fcbernahm der Verein weitere Funktionen. Anfang 2018 \u00f6ffnete sich der Verein f\u00fcr weitere Mitglieder, er umfasst zurzeit 90 Personen. In einer \u00f6ffentlichen Veranstaltung wurde beschlossen, den Verein als zuk\u00fcnftigen Tr\u00e4ger der Organisation des Festivals neu zu \u201eerfinden\u201c. Seit Januar 2019 firmiert er unter DenkmalKunst e.V.<\/p>\n<p>In den Organisationsstrukturen des Vereins kommt dem sieben Personen umfassenden Vorstand die f\u00fchrende Rolle zu. Ein Strategie-Ausschuss legte im April 2018 Richtlinien f\u00fcr die weitere Vereinsarbeit und die Organisation des Festivals 2019 fest. Seit Mai 2018 sind sieben Arbeitsgruppen mit etwa 45 Mitgliedern intensiv und ganz \u00fcberwiegend ehrenamtlich f\u00fcr die Ausgestaltung des Festivals t\u00e4tig.<\/p>\n<p>DenkmalKunst e.V. ist gemeinn\u00fctzig und f\u00fcr die Finanzierung des Festivals neben \u00f6ffentlicher F\u00f6rderung auch auf Spenden aus der heimischen Bev\u00f6lkerung und Wirtschaft angewiesen. Der Verein kann steuerlich wirksame Spendenbescheinigungen ausstellen.<\/p>\n<p>Kontonummer bei der VR-Bank in S\u00fcdniedersachsen eG:<br \/>\nIBAN: DE89 2606 2433 0002 1845 59<br \/>\nBIC: GENODEFIDRA<\/p>\n<\/div><div class=\"fusion-text fusion-text-5\"><p><a href=\"https:\/\/denkmalkunst-kunstdenkmal.de\/hann-muenden\/wp-content\/uploads\/sites\/2\/2019\/05\/Beitrittserkl\u00e4rung-DKKD.docx\" target=\"_blank\" rel=\"noopener noreferrer\">Beitrittserkl\u00e4rung DenkmalKunst e.V.<\/a><\/p>\n<p><a href=\"https:\/\/denkmalkunst-kunstdenkmal.de\/hann-muenden\/wp-content\/uploads\/sites\/2\/2019\/05\/Zustimmung_Datenschutz_20190329-1.pdf\" target=\"_blank\" rel=\"noopener noreferrer\">Information gem\u00e4\u00df EU-Datenschutzgrundverordnung (DSGVO)<\/a><\/p>\n<p><a href=\"https:\/\/denkmalkunst-kunstdenkmal.de\/hann-muenden\/wp-content\/uploads\/sites\/2\/2019\/05\/Satzung-DenkmalKunst-eV.pdf\" target=\"_blank\" rel=\"noopener noreferrer\">Satzung DenkmalKunst e.V.<\/a><\/p>\n<\/div><\/div><\/div><\/div><\/div><\/p>\n","protected":false},"excerpt":{"rendered":"","protected":false},"author":1,"featured_media":0,"parent":0,"menu_order":0,"comment_status":"closed","ping_status":"closed","template":"","meta":{"footnotes":""},"class_list":["post-63","page","type-page","status-publish","hentry"],"_links":{"self":[{"href":"https:\/\/denkmalkunst-kunstdenkmal.de\/hann-muenden\/wp-json\/wp\/v2\/pages\/63","targetHints":{"allow":["GET"]}}],"collection":[{"href":"https:\/\/denkmalkunst-kunstdenkmal.de\/hann-muenden\/wp-json\/wp\/v2\/pages"}],"about":[{"href":"https:\/\/denkmalkunst-kunstdenkmal.de\/hann-muenden\/wp-json\/wp\/v2\/types\/page"}],"author":[{"embeddable":true,"href":"https:\/\/denkmalkunst-kunstdenkmal.de\/hann-muenden\/wp-json\/wp\/v2\/users\/1"}],"replies":[{"embeddable":true,"href":"https:\/\/denkmalkunst-kunstdenkmal.de\/hann-muenden\/wp-json\/wp\/v2\/comments?post=63"}],"version-history":[{"count":5,"href":"https:\/\/denkmalkunst-kunstdenkmal.de\/hann-muenden\/wp-json\/wp\/v2\/pages\/63\/revisions"}],"predecessor-version":[{"id":5209,"href":"https:\/\/denkmalkunst-kunstdenkmal.de\/hann-muenden\/wp-json\/wp\/v2\/pages\/63\/revisions\/5209"}],"wp:attachment":[{"href":"https:\/\/denkmalkunst-kunstdenkmal.de\/hann-muenden\/wp-json\/wp\/v2\/media?parent=63"}],"curies":[{"name":"wp","href":"https:\/\/api.w.org\/{rel}","templated":true}]}}